{"id":198,"date":"2017-12-30T17:34:39","date_gmt":"2017-12-30T16:34:39","guid":{"rendered":"http:\/\/ernaehrungsberatung-bonn.com\/?page_id=7"},"modified":"2022-10-31T17:02:27","modified_gmt":"2022-10-31T16:02:27","slug":"startseite","status":"publish","type":"page","link":"https:\/\/ernaehrungsberatung-bonn.com\/wordpress\/","title":{"rendered":"Ern\u00e4hrungsberatung in Bonn"},"content":{"rendered":"\n<div class=\"wp-container-1 wp-block-group\"><div class=\"wp-block-group__inner-container\">\n<div class=\"wp-block-media-text alignwide is-stacked-on-mobile\"><figure class=\"wp-block-media-text__media\"><img loading=\"lazy\" width=\"405\" height=\"141\" src=\"https:\/\/ernaehrungsberatung-bonn.com\/wordpress\/wp-content\/uploads\/2022\/10\/ZDGE-EB1-1-405x141-1.jpg\" alt=\"\" class=\"wp-image-340 size-full\" srcset=\"https:\/\/ernaehrungsberatung-bonn.com\/wordpress\/wp-content\/uploads\/2022\/10\/ZDGE-EB1-1-405x141-1.jpg 405w, https:\/\/ernaehrungsberatung-bonn.com\/wordpress\/wp-content\/uploads\/2022\/10\/ZDGE-EB1-1-405x141-1-300x104.jpg 300w\" sizes=\"(max-width: 405px) 100vw, 405px\" \/><\/figure><div class=\"wp-block-media-text__content\">\n<h1>Diplom Oecotrophologin<\/h1>\n\n\n\n<h1>Fatemeh Rahi<\/h1>\n<\/div><\/div>\n\n\n\n<h5><strong>\u00dcber mich:<\/strong><\/h5>\n<p>Ich verf\u00fcge \u00fcber eine langj\u00e4hrige Erfahrung als \u00fcberwiegend freiberuflich t\u00e4tige diplomierte Oecotrophologin und als Mitglied im <a href=\"https:\/\/www.vdoe.de\/beruf\/vdoe-expertensuche\/?sort=name&amp;entries=50&amp;search_word=Rahi&amp;show_search_results=Suche+starten\" target=\"_blank\" rel=\"noopener noreferrer\">Berufsverband der Oecotrophologen (VDOE).<\/a><\/p>\n<p>Neben der Durchf\u00fchrung von Aktionstagen zur betrieblichen Gesundheitsf\u00f6rderung und Kochkursen in Zusammenarbeit mit der <a href=\"https:\/\/www.vhs-bonn.de\/programm\/gesundheit-und-ernaehrung.html?action%5B150%5D=category&amp;cat_ID=484-CAT-KAT418#cnt\" target=\"_blank\" rel=\"noopener noreferrer\">Volkshochschule Bonn<\/a> und weiteren Institutionen, der Mitarbeit im ARGE Projekt &#8222;50 plus-Aktiv und fit f\u00fcr den Job&#8220;, als Gesundheitsf\u00f6rderin im Rahmen der Aktion Klasse 2000 arbeite ich seit vielen Jahren als freiberufliche Ern\u00e4hrungsberaterin in folgenden Arztpraxen:<\/p>\n<h6><strong>Frau Saeedah Wahabi (Haus\u00e4rztin, Allgemein Medizin), Oppelner Stra\u00dfe 128, Bonn<\/strong><\/h6>\n<h6><a href=\"https:\/\/www.praxis-massoudy-bonn.de\/home-de\/praxisteam\/\" target=\"_blank\" rel=\"noopener noreferrer\"><strong>Dr. Massoudy (Diabetologe), Bodenstaffstra\u00dfe 12, Bonn-Mehlem<\/strong><\/a><\/h6>\n<h6><a href=\"http:\/\/www.tzgm-bonn.de\/index.php\/therapieangebote\/ernaehrungsberatung\" target=\"_blank\" rel=\"noopener noreferrer\"><strong>Dr. Aghdai-Heuser (Ganzheitsmedizinerin), Wachsbleiche 1 , Bonn<\/strong><\/a><\/h6>\n<h6><a href=\"https:\/\/www.gyn\u00e4kologisches-zentrum-bonn.de\/ernaehrung.html\" target=\"_blank\" rel=\"noopener noreferrer\"><strong>Drs. Kurbacher (Gyn\u00e4kologen), Friedenplatz 16, Bonn<\/strong><\/a><\/h6>\n<h3>An diesen Orten f\u00fchre ich wechselweise auch die angebotenen Ern\u00e4hrungstherapie und -beratungsangebote durch.<\/h3>\n<h3>Kooperationen finden mit folgenden Arztpraxen statt:<\/h3>\n<h4><a href=\"http:\/\/www.urologie-am-friedensplatz.de\/\" target=\"_blank\" rel=\"noopener noreferrer\">Urologische Praxis im Medizinzentrum Friedensplatz (Dr. Nagel\/Dr. Bode)<\/a><\/h4>\n<h4>&nbsp;<\/h4>\n<\/div><\/div>\n","protected":false},"excerpt":{"rendered":"<p>Diplom Oecotrophologin Fatemeh Rahi \u00dcber mich: Ich verf\u00fcge \u00fcber eine langj\u00e4hrige Erfahrung als \u00fcberwiegend freiberuflich t\u00e4tige diplomierte Oecotrophologin und als &hellip; <\/p>\n","protected":false},"author":2,"featured_media":0,"parent":0,"menu_order":0,"comment_status":"closed","ping_status":"closed","template":"","meta":[],"_links":{"self":[{"href":"https:\/\/ernaehrungsberatung-bonn.com\/wordpress\/wp-json\/wp\/v2\/pages\/198"}],"collection":[{"href":"https:\/\/ernaehrungsberatung-bonn.com\/wordpress\/wp-json\/wp\/v2\/pages"}],"about":[{"href":"https:\/\/ernaehrungsberatung-bonn.com\/wordpress\/wp-json\/wp\/v2\/types\/page"}],"author":[{"embeddable":true,"href":"https:\/\/ernaehrungsberatung-bonn.com\/wordpress\/wp-json\/wp\/v2\/users\/2"}],"replies":[{"embeddable":true,"href":"https:\/\/ernaehrungsberatung-bonn.com\/wordpress\/wp-json\/wp\/v2\/comments?post=198"}],"version-history":[{"count":27,"href":"https:\/\/ernaehrungsberatung-bonn.com\/wordpress\/wp-json\/wp\/v2\/pages\/198\/revisions"}],"predecessor-version":[{"id":398,"href":"https:\/\/ernaehrungsberatung-bonn.com\/wordpress\/wp-json\/wp\/v2\/pages\/198\/revisions\/398"}],"wp:attachment":[{"href":"https:\/\/ernaehrungsberatung-bonn.com\/wordpress\/wp-json\/wp\/v2\/media?parent=198"}],"curies":[{"name":"wp","href":"https:\/\/api.w.org\/{rel}","templated":true}]}}