{"id":200,"date":"2017-12-30T17:34:39","date_gmt":"2017-12-30T16:34:39","guid":{"rendered":"http:\/\/ernaehrungsberatung-bonn.com\/?page_id=9"},"modified":"2022-10-31T17:07:19","modified_gmt":"2022-10-31T16:07:19","slug":"betriebliche_gesundheitsfuersorge","status":"publish","type":"page","link":"https:\/\/ernaehrungsberatung-bonn.com\/wordpress\/betriebliche_gesundheitsfuersorge\/","title":{"rendered":"Betriebliche Gesundheitsf\u00f6rderung"},"content":{"rendered":"<h2><strong>Im Rahmen der betrieblichen Gesundheitsf\u00f6rderung biete ich f\u00fcr Ihre Mitarbeiterinnen und Mitarbeiter an:<\/strong><\/h2>\n<p>Eine Kombination aus einem individuell auf die Bed\u00fcrfnisse Ihrer Mitarbeiter zugeschnittenem Konzept und die Vermittlung von Grundkenntnissen zu einer gesunden, ausgewogenen Ern\u00e4hrung.<\/p>\n<p><strong>Ziel ist es, das Wohlbefinden Ihrer Mitarbeiter zu st\u00e4rken und sie geistig und k\u00f6rperlich fit zu halten .<\/strong><\/p>\n<p>Bei Interesse kontaktieren Sie mich.<\/p>\n","protected":false},"excerpt":{"rendered":"<p>Im Rahmen der betrieblichen Gesundheitsf\u00f6rderung biete ich f\u00fcr Ihre Mitarbeiterinnen und Mitarbeiter an: Eine Kombination aus einem individuell auf die &hellip; <\/p>\n","protected":false},"author":2,"featured_media":0,"parent":0,"menu_order":0,"comment_status":"closed","ping_status":"closed","template":"","meta":[],"_links":{"self":[{"href":"https:\/\/ernaehrungsberatung-bonn.com\/wordpress\/wp-json\/wp\/v2\/pages\/200"}],"collection":[{"href":"https:\/\/ernaehrungsberatung-bonn.com\/wordpress\/wp-json\/wp\/v2\/pages"}],"about":[{"href":"https:\/\/ernaehrungsberatung-bonn.com\/wordpress\/wp-json\/wp\/v2\/types\/page"}],"author":[{"embeddable":true,"href":"https:\/\/ernaehrungsberatung-bonn.com\/wordpress\/wp-json\/wp\/v2\/users\/2"}],"replies":[{"embeddable":true,"href":"https:\/\/ernaehrungsberatung-bonn.com\/wordpress\/wp-json\/wp\/v2\/comments?post=200"}],"version-history":[{"count":2,"href":"https:\/\/ernaehrungsberatung-bonn.com\/wordpress\/wp-json\/wp\/v2\/pages\/200\/revisions"}],"predecessor-version":[{"id":401,"href":"https:\/\/ernaehrungsberatung-bonn.com\/wordpress\/wp-json\/wp\/v2\/pages\/200\/revisions\/401"}],"wp:attachment":[{"href":"https:\/\/ernaehrungsberatung-bonn.com\/wordpress\/wp-json\/wp\/v2\/media?parent=200"}],"curies":[{"name":"wp","href":"https:\/\/api.w.org\/{rel}","templated":true}]}}