{"id":201,"date":"2017-12-30T17:34:39","date_gmt":"2017-12-30T16:34:39","guid":{"rendered":"http:\/\/ernaehrungsberatung-bonn.com\/?page_id=10"},"modified":"2022-10-31T17:03:58","modified_gmt":"2022-10-31T16:03:58","slug":"ernaehrungstherapie","status":"publish","type":"page","link":"https:\/\/ernaehrungsberatung-bonn.com\/wordpress\/ernaehrungstherapie\/","title":{"rendered":"Ern\u00e4hrungstherapie"},"content":{"rendered":"\n<figure class=\"wp-block-image size-full is-style-twentytwentyone-border\" id=\"https:\/\/www.dge.de\/service\/ernaehrungsberater-dge\/plz-5\/\"><a href=\"https:\/\/www.dge.de\/service\/ernaehrungsberater-dge\/plz-5\/\" target=\"_blank\" rel=\"noreferrer noopener\"><img loading=\"lazy\" width=\"802\" height=\"276\" src=\"https:\/\/ernaehrungsberatung-bonn.com\/wordpress\/wp-content\/uploads\/2022\/10\/ZDGE-EB1-1-802-276.jpg\" alt=\"\" class=\"wp-image-344\" title=\"DGE PLZ 5\" srcset=\"https:\/\/ernaehrungsberatung-bonn.com\/wordpress\/wp-content\/uploads\/2022\/10\/ZDGE-EB1-1-802-276.jpg 802w, https:\/\/ernaehrungsberatung-bonn.com\/wordpress\/wp-content\/uploads\/2022\/10\/ZDGE-EB1-1-802-276-300x103.jpg 300w, https:\/\/ernaehrungsberatung-bonn.com\/wordpress\/wp-content\/uploads\/2022\/10\/ZDGE-EB1-1-802-276-768x264.jpg 768w\" sizes=\"(max-width: 802px) 100vw, 802px\" \/><\/a><figcaption>Link zu den Ern\u00e4hrungsberatern der DGE in PLZ 5<\/figcaption><\/figure>\n\n\n<p align=\"justify\"><strong>Ich biete Ern\u00e4hrungstherapie nach Richtlinien der DGE <\/strong><strong>(Deutsche Gesellschaft <\/strong><strong>f\u00fcr Ern\u00e4hrung) und nach TCM (Traditionelle chine<\/strong><strong>sische Medizin) an bei:<\/strong><\/p>\n<ul>\n<li>Adipositas: bei Erwachsenen, Kindern und Jugendlichen<\/li>\n<li>Krebserkrankungen<\/li>\n<li>Osteoporose<\/li>\n<li>Nierenerkrankungen<\/li>\n<li>Diabetes mellitus Typ 1 und Typ 2, Schwangerschaftsdiabetes<\/li>\n<li>Bluthochdruck<\/li>\n<li>Fettstoffwechselst\u00f6rungen<\/li>\n<li>Herz-Kreislauf-Erkrankungen<\/li>\n<li>Metabolischem Syndrom<\/li>\n<li>Rheumatischen Erkrankungen<\/li>\n<li>Erh\u00f6hten Harns\u00e4urewerten und Gicht<\/li>\n<li>Essst\u00f6rungen, Magersucht<\/li>\n<li>Mangelern\u00e4hrung, Untergewicht, Nahrungsmittelunvertr\u00e4glichkeiten, Allergien<\/li>\n<li>Ern\u00e4hrung nach Schlaganfall, bei Depression<\/li>\n<\/ul>\n<p align=\"justify\"><strong><span style=\"color: #000000; font-family: Verdana, sans-serif; font-size: medium;\">Diese Beratungen werden von den Krankenkassen nach <\/span><\/strong><\/p>\n<p align=\"justify\"><strong><span style=\"color: #000000; font-family: Verdana, sans-serif; font-size: medium;\">\u00a7 43 SGB V unterst\u00fctzt.<\/span><\/strong><\/p>\n<p align=\"justify\"><strong>\u00a0<\/strong><\/p>","protected":false},"excerpt":{"rendered":"<p>Ich biete Ern\u00e4hrungstherapie nach Richtlinien der DGE (Deutsche Gesellschaft f\u00fcr Ern\u00e4hrung) und nach TCM (Traditionelle chinesische Medizin) an bei: Adipositas: &hellip; <\/p>\n","protected":false},"author":2,"featured_media":0,"parent":0,"menu_order":0,"comment_status":"closed","ping_status":"closed","template":"","meta":[],"_links":{"self":[{"href":"https:\/\/ernaehrungsberatung-bonn.com\/wordpress\/wp-json\/wp\/v2\/pages\/201"}],"collection":[{"href":"https:\/\/ernaehrungsberatung-bonn.com\/wordpress\/wp-json\/wp\/v2\/pages"}],"about":[{"href":"https:\/\/ernaehrungsberatung-bonn.com\/wordpress\/wp-json\/wp\/v2\/types\/page"}],"author":[{"embeddable":true,"href":"https:\/\/ernaehrungsberatung-bonn.com\/wordpress\/wp-json\/wp\/v2\/users\/2"}],"replies":[{"embeddable":true,"href":"https:\/\/ernaehrungsberatung-bonn.com\/wordpress\/wp-json\/wp\/v2\/comments?post=201"}],"version-history":[{"count":9,"href":"https:\/\/ernaehrungsberatung-bonn.com\/wordpress\/wp-json\/wp\/v2\/pages\/201\/revisions"}],"predecessor-version":[{"id":399,"href":"https:\/\/ernaehrungsberatung-bonn.com\/wordpress\/wp-json\/wp\/v2\/pages\/201\/revisions\/399"}],"wp:attachment":[{"href":"https:\/\/ernaehrungsberatung-bonn.com\/wordpress\/wp-json\/wp\/v2\/media?parent=201"}],"curies":[{"name":"wp","href":"https:\/\/api.w.org\/{rel}","templated":true}]}}