{"id":215,"date":"2018-03-03T17:56:40","date_gmt":"2018-03-03T16:56:40","guid":{"rendered":"http:\/\/ernaehrungsberatung-bonn.com\/?page_id=210"},"modified":"2022-10-31T17:05:21","modified_gmt":"2022-10-31T16:05:21","slug":"ich-nehme-ab","status":"publish","type":"page","link":"https:\/\/ernaehrungsberatung-bonn.com\/wordpress\/ich-nehme-ab\/","title":{"rendered":"Ich nehme ab"},"content":{"rendered":"\n<figure class=\"wp-block-image size-full\"><img loading=\"lazy\" width=\"802\" height=\"276\" src=\"https:\/\/ernaehrungsberatung-bonn.com\/wordpress\/wp-content\/uploads\/2022\/10\/ZDGE-EB1-1-802-276-1.jpg\" alt=\"\" class=\"wp-image-351\" srcset=\"https:\/\/ernaehrungsberatung-bonn.com\/wordpress\/wp-content\/uploads\/2022\/10\/ZDGE-EB1-1-802-276-1.jpg 802w, https:\/\/ernaehrungsberatung-bonn.com\/wordpress\/wp-content\/uploads\/2022\/10\/ZDGE-EB1-1-802-276-1-300x103.jpg 300w, https:\/\/ernaehrungsberatung-bonn.com\/wordpress\/wp-content\/uploads\/2022\/10\/ZDGE-EB1-1-802-276-1-768x264.jpg 768w\" sizes=\"(max-width: 802px) 100vw, 802px\" \/><\/figure>\n\n\n<h4><strong>Gewichtsreduktionskurs nach dem DGE Konzept: \u201eIch nehme ab\u201c<\/strong><\/h4>\n<h6>\u00a0Kursthemen sind beispielsweise:<\/h6>\n<ul>\n<li>Analyse der pers\u00f6nlichen Essgewohnheiten.<\/li>\n<li>Verhaltens\u00e4nderung hinsichtlich festgefahrener Essgewohnheiten.<\/li>\n<li>Anregungen f\u00fcr die richtige Auswahl von Nahrungsmitteln.<\/li>\n<li>Einfache Ern\u00e4hrungspl\u00e4ne, mit denen Sie abnehmen k\u00f6nnen und Ihr Gewicht langfristig behalten.<\/li>\n<li>Aktiv sein durch Bewegung im Alltag.<\/li>\n<\/ul>\n<h6>Gruppengr\u00f6\u00dfe:<\/h6>\n<p>Der Kurs besteht aus mindestens 8 h\u00f6chstens 12 Personen, die sich in der Regel einmal pro Woche \u00fcber einen Zeitraum von 3 Monaten treffen.<\/p>\n<p>Der Kurs ist registriert in der <a href=\"https:\/\/www.zentrale-pruefstelle-praevention.de\/admin\/\" target=\"_blank\" rel=\"noopener\">zentralen Datenbank Pr\u00e4vention der Krankenkassen<\/a> und wird bezuschusst.<\/p>","protected":false},"excerpt":{"rendered":"<p>Gewichtsreduktionskurs nach dem DGE Konzept: \u201eIch nehme ab\u201c \u00a0Kursthemen sind beispielsweise: Analyse der pers\u00f6nlichen Essgewohnheiten. Verhaltens\u00e4nderung hinsichtlich festgefahrener Essgewohnheiten. Anregungen &hellip; <\/p>\n","protected":false},"author":2,"featured_media":0,"parent":0,"menu_order":0,"comment_status":"closed","ping_status":"closed","template":"","meta":[],"_links":{"self":[{"href":"https:\/\/ernaehrungsberatung-bonn.com\/wordpress\/wp-json\/wp\/v2\/pages\/215"}],"collection":[{"href":"https:\/\/ernaehrungsberatung-bonn.com\/wordpress\/wp-json\/wp\/v2\/pages"}],"about":[{"href":"https:\/\/ernaehrungsberatung-bonn.com\/wordpress\/wp-json\/wp\/v2\/types\/page"}],"author":[{"embeddable":true,"href":"https:\/\/ernaehrungsberatung-bonn.com\/wordpress\/wp-json\/wp\/v2\/users\/2"}],"replies":[{"embeddable":true,"href":"https:\/\/ernaehrungsberatung-bonn.com\/wordpress\/wp-json\/wp\/v2\/comments?post=215"}],"version-history":[{"count":7,"href":"https:\/\/ernaehrungsberatung-bonn.com\/wordpress\/wp-json\/wp\/v2\/pages\/215\/revisions"}],"predecessor-version":[{"id":400,"href":"https:\/\/ernaehrungsberatung-bonn.com\/wordpress\/wp-json\/wp\/v2\/pages\/215\/revisions\/400"}],"wp:attachment":[{"href":"https:\/\/ernaehrungsberatung-bonn.com\/wordpress\/wp-json\/wp\/v2\/media?parent=215"}],"curies":[{"name":"wp","href":"https:\/\/api.w.org\/{rel}","templated":true}]}}